{"id":1681,"date":"2024-04-03T15:10:23","date_gmt":"2024-04-03T13:10:23","guid":{"rendered":"https:\/\/rollocompany.it\/product\/lip-tint\/"},"modified":"2024-11-06T17:35:47","modified_gmt":"2024-11-06T16:35:47","slug":"lip-tint","status":"publish","type":"product","link":"https:\/\/rollocompany.it\/en\/product\/lip-tint\/","title":{"rendered":"LIP TINT (+8 color)"},"content":{"rendered":"<p>Il rossetto entra in una nuova dimensione! Un composto cremoso, fortemente aderente, formulato con micro particelle che assorbono la luce per un raffinato effetto mat. Il preparato, completamente anidro, \u00e8 stato arricchito con la silica in elevata percentuale per esaltarne le caratteristiche di stendibilit\u00e0, confort e leggerezza. Colora alla perfezione rimanendo intatto per ore. La sensazione sulle labbra \u00e8 di estrema leggerezza con un confort davvero sorprendente!<br \/>\nMODO D\u2019USO: Dopo aver disegnato il contorno delle labbra con la matita prescelta, applicare il rossetto in una tonalit\u00e0 leggermente pi\u00f9 chiara partendo dal centro verso l\u2019esterno. Il comodo pennello in dotazione, in pelo naturale, consente di applicare il colore con grande precisione.<\/p>","protected":false},"excerpt":{"rendered":"<p>Il rossetto entra in una nuova dimensione! Un composto cremoso, fortemente aderente, formulato con micro particelle che assorbono la luce per un raffinato effetto mat. Il preparato, completamente anidro, \u00e8 stato arricchito con la silica in elevata percentuale per esaltarne le caratteristiche di stendibilit\u00e0, confort e leggerezza. Colora alla perfezione rimanendo intatto per ore. La [&hellip;]<\/p>\n","protected":false},"featured_media":2382,"comment_status":"closed","ping_status":"closed","template":"","meta":[],"product_brand":[],"product_cat":[141],"product_tag":[],"class_list":{"0":"post-1681","1":"product","2":"type-product","3":"status-publish","4":"has-post-thumbnail","6":"product_cat-linea-make-up","8":"first","9":"instock","10":"purchasable","11":"product-type-variable","12":"add-to-wishlist-after_add_to_cart"},"yoast_head":"<!-- This site is optimized with the Yoast SEO plugin v27.4 - https:\/\/yoast.com\/product\/yoast-seo-wordpress\/ -->\n<title>LIP TINT (+8 color) - rollocompany.it<\/title>\n<meta name=\"robots\" content=\"index, follow, max-snippet:-1, max-image-preview:large, max-video-preview:-1\" \/>\n<link rel=\"canonical\" href=\"https:\/\/rollocompany.it\/en\/product\/lip-tint\/\" \/>\n<meta property=\"og:locale\" content=\"en_GB\" \/>\n<meta property=\"og:type\" content=\"article\" \/>\n<meta property=\"og:title\" content=\"LIP TINT (+8 color) - rollocompany.it\" \/>\n<meta property=\"og:description\" content=\"Il rossetto entra in una nuova dimensione! Un composto cremoso, fortemente aderente, formulato con micro particelle che assorbono la luce per un raffinato effetto mat. Il preparato, completamente anidro, \u00e8 stato arricchito con la silica in elevata percentuale per esaltarne le caratteristiche di stendibilit\u00e0, confort e leggerezza. Colora alla perfezione rimanendo intatto per ore. La [&hellip;]\" \/>\n<meta property=\"og:url\" content=\"https:\/\/rollocompany.it\/en\/product\/lip-tint\/\" \/>\n<meta property=\"og:site_name\" content=\"rollocompany.it\" \/>\n<meta property=\"article:modified_time\" content=\"2024-11-06T16:35:47+00:00\" \/>\n<meta property=\"og:image\" content=\"https:\/\/rollocompany.it\/wp-content\/uploads\/2024\/04\/1-9.png\" \/>\n\t<meta property=\"og:image:width\" content=\"500\" \/>\n\t<meta property=\"og:image:height\" content=\"500\" \/>\n\t<meta property=\"og:image:type\" content=\"image\/png\" \/>\n<meta name=\"twitter:card\" content=\"summary_large_image\" \/>\n<meta name=\"twitter:label1\" content=\"Estimated reading time\" \/>\n\t<meta name=\"twitter:data1\" content=\"1 minute\" \/>\n<script type=\"application\/ld+json\" class=\"yoast-schema-graph\">{\"@context\":\"https:\\\/\\\/schema.org\",\"@graph\":[{\"@type\":\"WebPage\",\"@id\":\"https:\\\/\\\/rollocompany.it\\\/en\\\/product\\\/lip-tint\\\/\",\"url\":\"https:\\\/\\\/rollocompany.it\\\/en\\\/product\\\/lip-tint\\\/\",\"name\":\"LIP TINT (+8 color) - rollocompany.it\",\"isPartOf\":{\"@id\":\"https:\\\/\\\/rollocompany.it\\\/en\\\/#website\"},\"primaryImageOfPage\":{\"@id\":\"https:\\\/\\\/rollocompany.it\\\/en\\\/product\\\/lip-tint\\\/#primaryimage\"},\"image\":{\"@id\":\"https:\\\/\\\/rollocompany.it\\\/en\\\/product\\\/lip-tint\\\/#primaryimage\"},\"thumbnailUrl\":\"https:\\\/\\\/rollocompany.it\\\/wp-content\\\/uploads\\\/2024\\\/04\\\/1-9.png\",\"datePublished\":\"2024-04-03T13:10:23+00:00\",\"dateModified\":\"2024-11-06T16:35:47+00:00\",\"breadcrumb\":{\"@id\":\"https:\\\/\\\/rollocompany.it\\\/en\\\/product\\\/lip-tint\\\/#breadcrumb\"},\"inLanguage\":\"en-GB\",\"potentialAction\":[{\"@type\":\"ReadAction\",\"target\":[\"https:\\\/\\\/rollocompany.it\\\/en\\\/product\\\/lip-tint\\\/\"]}]},{\"@type\":\"ImageObject\",\"inLanguage\":\"en-GB\",\"@id\":\"https:\\\/\\\/rollocompany.it\\\/en\\\/product\\\/lip-tint\\\/#primaryimage\",\"url\":\"https:\\\/\\\/rollocompany.it\\\/wp-content\\\/uploads\\\/2024\\\/04\\\/1-9.png\",\"contentUrl\":\"https:\\\/\\\/rollocompany.it\\\/wp-content\\\/uploads\\\/2024\\\/04\\\/1-9.png\",\"width\":500,\"height\":500},{\"@type\":\"BreadcrumbList\",\"@id\":\"https:\\\/\\\/rollocompany.it\\\/en\\\/product\\\/lip-tint\\\/#breadcrumb\",\"itemListElement\":[{\"@type\":\"ListItem\",\"position\":1,\"name\":\"Home\",\"item\":\"https:\\\/\\\/rollocompany.it\\\/\"},{\"@type\":\"ListItem\",\"position\":2,\"name\":\"Shop\",\"item\":\"https:\\\/\\\/rollocompany.it\\\/ar\\\/shop\\\/\"},{\"@type\":\"ListItem\",\"position\":3,\"name\":\"LIP TINT (+8 color)\"}]},{\"@type\":\"WebSite\",\"@id\":\"https:\\\/\\\/rollocompany.it\\\/en\\\/#website\",\"url\":\"https:\\\/\\\/rollocompany.it\\\/en\\\/\",\"name\":\"rollocompany.it\",\"description\":\"Professional Cosmetic Clinic\",\"potentialAction\":[{\"@type\":\"SearchAction\",\"target\":{\"@type\":\"EntryPoint\",\"urlTemplate\":\"https:\\\/\\\/rollocompany.it\\\/en\\\/?s={search_term_string}\"},\"query-input\":{\"@type\":\"PropertyValueSpecification\",\"valueRequired\":true,\"valueName\":\"search_term_string\"}}],\"inLanguage\":\"en-GB\"}]}<\/script>\n<!-- \/ Yoast SEO plugin. -->","yoast_head_json":{"title":"LIP TINT (+8 color) - rollocompany.it","robots":{"index":"index","follow":"follow","max-snippet":"max-snippet:-1","max-image-preview":"max-image-preview:large","max-video-preview":"max-video-preview:-1"},"canonical":"https:\/\/rollocompany.it\/en\/product\/lip-tint\/","og_locale":"en_GB","og_type":"article","og_title":"LIP TINT (+8 color) - rollocompany.it","og_description":"Il rossetto entra in una nuova dimensione! Un composto cremoso, fortemente aderente, formulato con micro particelle che assorbono la luce per un raffinato effetto mat. Il preparato, completamente anidro, \u00e8 stato arricchito con la silica in elevata percentuale per esaltarne le caratteristiche di stendibilit\u00e0, confort e leggerezza. Colora alla perfezione rimanendo intatto per ore. La [&hellip;]","og_url":"https:\/\/rollocompany.it\/en\/product\/lip-tint\/","og_site_name":"rollocompany.it","article_modified_time":"2024-11-06T16:35:47+00:00","og_image":[{"width":500,"height":500,"url":"https:\/\/rollocompany.it\/wp-content\/uploads\/2024\/04\/1-9.png","type":"image\/png"}],"twitter_card":"summary_large_image","twitter_misc":{"Estimated reading time":"1 minute"},"schema":{"@context":"https:\/\/schema.org","@graph":[{"@type":"WebPage","@id":"https:\/\/rollocompany.it\/en\/product\/lip-tint\/","url":"https:\/\/rollocompany.it\/en\/product\/lip-tint\/","name":"LIP TINT (+8 color) - rollocompany.it","isPartOf":{"@id":"https:\/\/rollocompany.it\/en\/#website"},"primaryImageOfPage":{"@id":"https:\/\/rollocompany.it\/en\/product\/lip-tint\/#primaryimage"},"image":{"@id":"https:\/\/rollocompany.it\/en\/product\/lip-tint\/#primaryimage"},"thumbnailUrl":"https:\/\/rollocompany.it\/wp-content\/uploads\/2024\/04\/1-9.png","datePublished":"2024-04-03T13:10:23+00:00","dateModified":"2024-11-06T16:35:47+00:00","breadcrumb":{"@id":"https:\/\/rollocompany.it\/en\/product\/lip-tint\/#breadcrumb"},"inLanguage":"en-GB","potentialAction":[{"@type":"ReadAction","target":["https:\/\/rollocompany.it\/en\/product\/lip-tint\/"]}]},{"@type":"ImageObject","inLanguage":"en-GB","@id":"https:\/\/rollocompany.it\/en\/product\/lip-tint\/#primaryimage","url":"https:\/\/rollocompany.it\/wp-content\/uploads\/2024\/04\/1-9.png","contentUrl":"https:\/\/rollocompany.it\/wp-content\/uploads\/2024\/04\/1-9.png","width":500,"height":500},{"@type":"BreadcrumbList","@id":"https:\/\/rollocompany.it\/en\/product\/lip-tint\/#breadcrumb","itemListElement":[{"@type":"ListItem","position":1,"name":"Home","item":"https:\/\/rollocompany.it\/"},{"@type":"ListItem","position":2,"name":"Shop","item":"https:\/\/rollocompany.it\/ar\/shop\/"},{"@type":"ListItem","position":3,"name":"LIP TINT (+8 color)"}]},{"@type":"WebSite","@id":"https:\/\/rollocompany.it\/en\/#website","url":"https:\/\/rollocompany.it\/en\/","name":"rollocompany.it","description":"Professional Cosmetic Clinic","potentialAction":[{"@type":"SearchAction","target":{"@type":"EntryPoint","urlTemplate":"https:\/\/rollocompany.it\/en\/?s={search_term_string}"},"query-input":{"@type":"PropertyValueSpecification","valueRequired":true,"valueName":"search_term_string"}}],"inLanguage":"en-GB"}]}},"_links":{"self":[{"href":"https:\/\/rollocompany.it\/en\/wp-json\/wp\/v2\/product\/1681","targetHints":{"allow":["GET"]}}],"collection":[{"href":"https:\/\/rollocompany.it\/en\/wp-json\/wp\/v2\/product"}],"about":[{"href":"https:\/\/rollocompany.it\/en\/wp-json\/wp\/v2\/types\/product"}],"replies":[{"embeddable":true,"href":"https:\/\/rollocompany.it\/en\/wp-json\/wp\/v2\/comments?post=1681"}],"version-history":[{"count":2,"href":"https:\/\/rollocompany.it\/en\/wp-json\/wp\/v2\/product\/1681\/revisions"}],"predecessor-version":[{"id":2390,"href":"https:\/\/rollocompany.it\/en\/wp-json\/wp\/v2\/product\/1681\/revisions\/2390"}],"wp:featuredmedia":[{"embeddable":true,"href":"https:\/\/rollocompany.it\/en\/wp-json\/wp\/v2\/media\/2382"}],"wp:attachment":[{"href":"https:\/\/rollocompany.it\/en\/wp-json\/wp\/v2\/media?parent=1681"}],"wp:term":[{"taxonomy":"product_brand","embeddable":true,"href":"https:\/\/rollocompany.it\/en\/wp-json\/wp\/v2\/product_brand?post=1681"},{"taxonomy":"product_cat","embeddable":true,"href":"https:\/\/rollocompany.it\/en\/wp-json\/wp\/v2\/product_cat?post=1681"},{"taxonomy":"product_tag","embeddable":true,"href":"https:\/\/rollocompany.it\/en\/wp-json\/wp\/v2\/product_tag?post=1681"}],"curies":[{"name":"wp","href":"https:\/\/api.w.org\/{rel}","templated":true}]}}